{"id":5422,"date":"2025-02-12T18:27:21","date_gmt":"2025-02-12T18:27:21","guid":{"rendered":"https:\/\/signtales.eu\/guia-para-el-docente-2\/"},"modified":"2025-06-10T21:09:39","modified_gmt":"2025-06-10T21:09:39","slug":"guia-para-el-docente-2","status":"publish","type":"page","link":"https:\/\/signtales.eu\/es\/guia-para-el-docente-2\/","title":{"rendered":"Gu\u00eda para el docente"},"content":{"rendered":"\t\t<div data-elementor-type=\"wp-page\" data-elementor-id=\"5422\" class=\"elementor elementor-5422 elementor-2211\">\n\t\t\t\t\t\t<section class=\"elementor-section elementor-top-section elementor-element elementor-element-s6jj0a2 elementor-section-content-middle elementor-reverse-mobile elementor-section-boxed elementor-section-height-default elementor-section-height-default\" data-id=\"s6jj0a2\" data-element_type=\"section\" data-settings=\"{&quot;background_background&quot;:&quot;classic&quot;,&quot;shape_divider_bottom&quot;:&quot;waves&quot;}\">\n\t\t\t\t\t\t\t<div class=\"elementor-background-overlay\"><\/div>\n\t\t\t\t\t\t<div class=\"elementor-shape elementor-shape-bottom\" data-negative=\"false\">\n\t\t\t<svg xmlns=\"http:\/\/www.w3.org\/2000\/svg\" viewBox=\"0 0 1000 100\" preserveAspectRatio=\"none\">\n\t<path class=\"elementor-shape-fill\" d=\"M421.9,6.5c22.6-2.5,51.5,0.4,75.5,5.3c23.6,4.9,70.9,23.5,100.5,35.7c75.8,32.2,133.7,44.5,192.6,49.7\n\tc23.6,2.1,48.7,3.5,103.4-2.5c54.7-6,106.2-25.6,106.2-25.6V0H0v30.3c0,0,72,32.6,158.4,30.5c39.2-0.7,92.8-6.7,134-22.4\n\tc21.2-8.1,52.2-18.2,79.7-24.2C399.3,7.9,411.6,7.5,421.9,6.5z\"\/>\n<\/svg>\t\t<\/div>\n\t\t\t\t\t<div class=\"elementor-container elementor-column-gap-default\">\n\t\t\t\t\t<div class=\"elementor-column elementor-col-50 elementor-top-column elementor-element elementor-element-bb729d9\" data-id=\"bb729d9\" data-element_type=\"column\">\n\t\t\t<div class=\"elementor-widget-wrap elementor-element-populated\">\n\t\t\t\t\t\t<div class=\"elementor-element elementor-element-0857fc5 elementor-view-default elementor-widget elementor-widget-icon\" data-id=\"0857fc5\" data-element_type=\"widget\" data-widget_type=\"icon.default\">\n\t\t\t\t<div class=\"elementor-widget-container\">\n\t\t\t\t\t\t\t<div class=\"elementor-icon-wrapper\">\n\t\t\t<div class=\"elementor-icon\">\n\t\t\t<svg aria-hidden=\"true\" class=\"e-font-icon-svg e-fas-star\" viewBox=\"0 0 576 512\" xmlns=\"http:\/\/www.w3.org\/2000\/svg\"><path d=\"M259.3 17.8L194 150.2 47.9 171.5c-26.2 3.8-36.7 36.1-17.7 54.6l105.7 103-25 145.5c-4.5 26.3 23.2 46 46.4 33.7L288 439.6l130.7 68.7c23.2 12.2 50.9-7.4 46.4-33.7l-25-145.5 105.7-103c19-18.5 8.5-50.8-17.7-54.6L382 150.2 316.7 17.8c-11.7-23.6-45.6-23.9-57.4 0z\"><\/path><\/svg>\t\t\t<\/div>\n\t\t<\/div>\n\t\t\t\t\t\t<\/div>\n\t\t\t\t<\/div>\n\t\t\t\t<div class=\"elementor-element elementor-element-0b51bfc elementor-widget elementor-widget-heading\" data-id=\"0b51bfc\" data-element_type=\"widget\" data-widget_type=\"heading.default\">\n\t\t\t\t<div class=\"elementor-widget-container\">\n\t\t\t\t\t<h3 class=\"elementor-heading-title elementor-size-default\">Gu\u00eda para el docente<\/h3>\t\t\t\t<\/div>\n\t\t\t\t<\/div>\n\t\t\t\t<div class=\"elementor-element elementor-element-61c9dfd elementor-widget elementor-widget-heading\" data-id=\"61c9dfd\" data-element_type=\"widget\" data-widget_type=\"heading.default\">\n\t\t\t\t<div class=\"elementor-widget-container\">\n\t\t\t\t\t<h2 class=\"elementor-heading-title elementor-size-default\">Ense\u00f1ando con SignTales<\/h2>\t\t\t\t<\/div>\n\t\t\t\t<\/div>\n\t\t\t\t<div class=\"elementor-element elementor-element-9303ad8 elementor-widget elementor-widget-text-editor\" data-id=\"9303ad8\" data-element_type=\"widget\" data-widget_type=\"text-editor.default\">\n\t\t\t\t<div class=\"elementor-widget-container\">\n\t\t\t\t\t\t\t\t\t<p>Esta secci\u00f3n ofrece herramientas pr\u00e1cticas y orientaci\u00f3n para usar los materiales de SignTales en el aula. Encontrar\u00e1 consejos did\u00e1cticos, actividades sugeridas e instrucciones paso a paso para trabajar con cuentos de hadas, recursos de vocabulario y v\u00eddeos de lengua de se\u00f1as. <\/p>\t\t\t\t\t\t\t\t<\/div>\n\t\t\t\t<\/div>\n\t\t\t\t<div class=\"elementor-element elementor-element-4dd1831 elementor-widget-divider--separator-type-pattern elementor-widget-divider--no-spacing elementor-widget-divider--view-line elementor-widget elementor-widget-divider\" data-id=\"4dd1831\" data-element_type=\"widget\" data-widget_type=\"divider.default\">\n\t\t\t\t<div class=\"elementor-widget-container\">\n\t\t\t\t\t\t\t<div class=\"elementor-divider\" style=\"--divider-pattern-url: url(&quot;data:image\/svg+xml,%3Csvg xmlns=&#039;http:\/\/www.w3.org\/2000\/svg&#039; preserveAspectRatio=&#039;xMidYMid meet&#039; overflow=&#039;visible&#039; height=&#039;100%&#039; viewBox=&#039;0 0 126 26&#039; fill=&#039;black&#039; stroke=&#039;none&#039;%3E%3Cpath d=&#039;M3,10.2c2.6,0,2.6,2,2.6,3.2S4.4,16.5,3,16.5s-3-1.4-3-3.2S0.4,10.2,3,10.2z M18.8,10.2c1.7,0,3.2,1.4,3.2,3.2s-1.4,3.2-3.2,3.2c-1.7,0-3.2-1.4-3.2-3.2S17,10.2,18.8,10.2z M34.6,10.2c1.5,0,2.6,1.4,2.6,3.2s-0.5,3.2-1.9,3.2c-1.5,0-3.4-1.4-3.4-3.2S33.1,10.2,34.6,10.2z M50.5,10.2c1.7,0,3.2,1.4,3.2,3.2s-1.4,3.2-3.2,3.2c-1.7,0-3.3-0.9-3.3-2.6S48.7,10.2,50.5,10.2z M66.2,10.2c1.5,0,3.4,1.4,3.4,3.2s-1.9,3.2-3.4,3.2c-1.5,0-2.6-0.4-2.6-2.1S64.8,10.2,66.2,10.2z M82.2,10.2c1.7,0.8,2.6,1.4,2.6,3.2s-0.1,3.2-1.6,3.2c-1.5,0-3.7-1.4-3.7-3.2S80.5,9.4,82.2,10.2zM98.6,10.2c1.5,0,2.6,0.4,2.6,2.1s-1.2,4.2-2.6,4.2c-1.5,0-3.7-0.4-3.7-2.1S97.1,10.2,98.6,10.2z M113.4,10.2c1.2,0,2.2,0.9,2.2,3.2s-0.1,3.2-1.3,3.2s-3.1-1.4-3.1-3.2S112.2,10.2,113.4,10.2z&#039;\/%3E%3C\/svg%3E&quot;);\">\n\t\t\t<span class=\"elementor-divider-separator\">\n\t\t\t\t\t\t<\/span>\n\t\t<\/div>\n\t\t\t\t\t\t<\/div>\n\t\t\t\t<\/div>\n\t\t\t\t\t<\/div>\n\t\t<\/div>\n\t\t\t\t<div class=\"elementor-column elementor-col-50 elementor-top-column elementor-element elementor-element-2b85a7b\" data-id=\"2b85a7b\" data-element_type=\"column\">\n\t\t\t<div class=\"elementor-widget-wrap elementor-element-populated\">\n\t\t\t\t\t\t<div class=\"elementor-element elementor-element-3e4b7c9 elementor-widget elementor-widget-image\" data-id=\"3e4b7c9\" data-element_type=\"widget\" data-widget_type=\"image.default\">\n\t\t\t\t<div class=\"elementor-widget-container\">\n\t\t\t\t\t\t\t\t\t\t\t\t\t\t\t<img fetchpriority=\"high\" decoding=\"async\" width=\"768\" height=\"768\" src=\"https:\/\/signtales.eu\/wp-content\/uploads\/2025\/03\/5_20250319_191326_0003-1-768x768.png\" class=\"attachment-medium_large size-medium_large wp-image-4696\" alt=\"\" srcset=\"https:\/\/signtales.eu\/wp-content\/uploads\/2025\/03\/5_20250319_191326_0003-1-768x768.png 768w, https:\/\/signtales.eu\/wp-content\/uploads\/2025\/03\/5_20250319_191326_0003-1-300x300.png 300w, https:\/\/signtales.eu\/wp-content\/uploads\/2025\/03\/5_20250319_191326_0003-1-1024x1024.png 1024w, https:\/\/signtales.eu\/wp-content\/uploads\/2025\/03\/5_20250319_191326_0003-1-150x150.png 150w, https:\/\/signtales.eu\/wp-content\/uploads\/2025\/03\/5_20250319_191326_0003-1-1536x1536.png 1536w, https:\/\/signtales.eu\/wp-content\/uploads\/2025\/03\/5_20250319_191326_0003-1-2048x2048.png 2048w\" sizes=\"(max-width: 768px) 100vw, 768px\" \/>\t\t\t\t\t\t\t\t\t\t\t\t\t\t\t<\/div>\n\t\t\t\t<\/div>\n\t\t\t\t\t<\/div>\n\t\t<\/div>\n\t\t\t\t\t<\/div>\n\t\t<\/section>\n\t\t<div class=\"elementor-element elementor-element-b069965 e-flex e-con-boxed e-con e-parent\" data-id=\"b069965\" data-element_type=\"container\">\n\t\t\t\t\t<div class=\"e-con-inner\">\n\t\t\t\t\t<\/div>\n\t\t\t\t<\/div>\n\t\t<div class=\"elementor-element elementor-element-7b1633b e-flex e-con-boxed e-con e-parent\" data-id=\"7b1633b\" data-element_type=\"container\">\n\t\t\t\t\t<div class=\"e-con-inner\">\n\t\t\t\t<div class=\"elementor-element elementor-element-49ca99e elementor-widget elementor-widget-heading\" data-id=\"49ca99e\" data-element_type=\"widget\" data-widget_type=\"heading.default\">\n\t\t\t\t<div class=\"elementor-widget-container\">\n\t\t\t\t\t<h3 class=\"elementor-heading-title elementor-size-default\">Actualmente en proceso...<\/h3>\t\t\t\t<\/div>\n\t\t\t\t<\/div>\n\t\t\t\t\t<\/div>\n\t\t\t\t<\/div>\n\t\t<div class=\"elementor-element elementor-element-b69ba5a e-flex e-con-boxed e-con e-parent\" data-id=\"b69ba5a\" data-element_type=\"container\">\n\t\t\t\t\t<div class=\"e-con-inner\">\n\t\t\t\t\t<\/div>\n\t\t\t\t<\/div>\n\t\t\t\t<\/div>\n\t\t","protected":false},"excerpt":{"rendered":"<p>Gu\u00eda para el docente Ense\u00f1ando con SignTales Esta secci\u00f3n ofrece herramientas pr\u00e1cticas y orientaci\u00f3n para usar los materiales de SignTales en el aula. Encontrar\u00e1 consejos did\u00e1cticos, actividades sugeridas e instrucciones paso a paso para trabajar con cuentos de hadas, recursos de vocabulario y v\u00eddeos de lengua de se\u00f1as. Actualmente en proceso&#8230;<\/p>\n","protected":false},"author":1,"featured_media":0,"parent":0,"menu_order":0,"comment_status":"closed","ping_status":"closed","template":"","meta":{"_acf_changed":false,"_uag_custom_page_level_css":"","site-sidebar-layout":"no-sidebar","site-content-layout":"page-builder","ast-site-content-layout":"full-width-container","site-content-style":"unboxed","site-sidebar-style":"unboxed","ast-global-header-display":"","ast-banner-title-visibility":"","ast-main-header-display":"","ast-hfb-above-header-display":"","ast-hfb-below-header-display":"","ast-hfb-mobile-header-display":"","site-post-title":"disabled","ast-breadcrumbs-content":"","ast-featured-img":"disabled","footer-sml-layout":"","theme-transparent-header-meta":"","adv-header-id-meta":"","stick-header-meta":"","header-above-stick-meta":"","header-main-stick-meta":"","header-below-stick-meta":"","astra-migrate-meta-layouts":"default","ast-page-background-enabled":"default","ast-page-background-meta":{"desktop":{"background-color":"var(--ast-global-color-4)","background-image":"","background-repeat":"repeat","background-position":"center center","background-size":"auto","background-attachment":"scroll","background-type":"","background-media":"","overlay-type":"","overlay-color":"","overlay-opacity":"","overlay-gradient":""},"tablet":{"background-color":"","background-image":"","background-repeat":"repeat","background-position":"center center","background-size":"auto","background-attachment":"scroll","background-type":"","background-media":"","overlay-type":"","overlay-color":"","overlay-opacity":"","overlay-gradient":""},"mobile":{"background-color":"","background-image":"","background-repeat":"repeat","background-position":"center center","background-size":"auto","background-attachment":"scroll","background-type":"","background-media":"","overlay-type":"","overlay-color":"","overlay-opacity":"","overlay-gradient":""}},"ast-content-background-meta":{"desktop":{"background-color":"var(--ast-global-color-5)","background-image":"","background-repeat":"repeat","background-position":"center center","background-size":"auto","background-attachment":"scroll","background-type":"","background-media":"","overlay-type":"","overlay-color":"","overlay-opacity":"","overlay-gradient":""},"tablet":{"background-color":"var(--ast-global-color-5)","background-image":"","background-repeat":"repeat","background-position":"center center","background-size":"auto","background-attachment":"scroll","background-type":"","background-media":"","overlay-type":"","overlay-color":"","overlay-opacity":"","overlay-gradient":""},"mobile":{"background-color":"var(--ast-global-color-5)","background-image":"","background-repeat":"repeat","background-position":"center center","background-size":"auto","background-attachment":"scroll","background-type":"","background-media":"","overlay-type":"","overlay-color":"","overlay-opacity":"","overlay-gradient":""}},"footnotes":""},"class_list":["post-5422","page","type-page","status-publish","hentry"],"acf":[],"spectra_custom_meta":{"_alp_processed":["1749589779"],"_elementor_edit_mode":["builder"],"_elementor_template_type":["wp-page"],"_elementor_version":["3.27.6"],"_wpml_media_duplicate":["1"],"_wpml_media_featured":["1"],"ast-main-header-display":[""],"ast-hfb-above-header-display":[""],"ast-hfb-below-header-display":[""],"ast-hfb-mobile-header-display":[""],"adv-header-id-meta":[""],"footer-sml-layout":[""],"stick-header-meta":[""],"header-main-stick-meta":[""],"header-above-stick-meta":[""],"header-below-stick-meta":[""],"site-post-title":["disabled"],"site-sidebar-layout":["no-sidebar"],"site-content-layout":["page-builder"],"ast-featured-img":["disabled"],"ast-breadcrumbs-content":[""],"theme-transparent-header-meta":[""],"ast-banner-title-visibility":[""],"ast-global-header-display":[""],"ast-site-content-layout":["full-width-container"],"site-content-style":["unboxed"],"site-sidebar-style":["unboxed"],"_wp_page_template":["default"],"_elementor_data":["[{\"id\":\"s6jj0a2\",\"elType\":\"section\",\"settings\":{\"content_position\":\"middle\",\"structure\":\"20\",\"padding\":{\"unit\":\"px\",\"top\":\"120\",\"right\":\"0\",\"bottom\":\"120\",\"left\":\"0\",\"isLinked\":false},\"background_color_b\":\"#f8f6f3\",\"background_background\":\"classic\",\"background_position\":\"center left\",\"background_repeat\":\"no-repeat\",\"background_overlay_background\":\"classic\",\"background_overlay_opacity\":{\"unit\":\"px\",\"size\":0.13,\"sizes\":[]},\"background_overlay_position\":\"bottom right\",\"background_overlay_repeat\":\"no-repeat\",\"overlay_blend_mode\":\"multiply\",\"background_gradient_angle\":{\"unit\":\"deg\",\"size\":160,\"sizes\":[]},\"padding_mobile\":{\"unit\":\"px\",\"top\":\"70\",\"right\":\"25\",\"bottom\":\"70\",\"left\":\"25\",\"isLinked\":false},\"background_size\":\"initial\",\"padding_tablet\":{\"unit\":\"px\",\"top\":\"100\",\"right\":\"30\",\"bottom\":\"80\",\"left\":\"30\",\"isLinked\":false},\"css_filters_brightness\":{\"unit\":\"px\",\"size\":200,\"sizes\":[]},\"background_bg_width\":{\"unit\":\"%\",\"size\":44,\"sizes\":[]},\"background_overlay_size\":\"initial\",\"background_overlay_bg_width\":{\"unit\":\"%\",\"size\":28,\"sizes\":[]},\"reverse_order_mobile\":\"reverse-mobile\",\"display_condition_list\":[{\"display_condition_login_status\":\"subscriber\",\"_id\":\"99195b4\"}],\"__globals__\":{\"background_color\":\"globals\\\/colors?id=astglobalcolor7\",\"shape_divider_bottom_color\":\"globals\\\/colors?id=astglobalcolor4\"},\"shape_divider_top_width\":{\"unit\":\"%\",\"size\":139,\"sizes\":[]},\"shape_divider_top_height\":{\"unit\":\"px\",\"size\":500,\"sizes\":[]},\"shape_divider_bottom\":\"waves\",\"shape_divider_bottom_width\":{\"unit\":\"%\",\"size\":100,\"sizes\":[]},\"shape_divider_bottom_height\":{\"unit\":\"px\",\"size\":101,\"sizes\":[]},\"shape_divider_bottom_flip\":\"yes\"},\"elements\":[{\"id\":\"bb729d9\",\"elType\":\"column\",\"settings\":{\"_column_size\":50,\"_inline_size\":54.583,\"margin_mobile\":{\"unit\":\"px\",\"top\":\"0\",\"right\":\"0\",\"bottom\":\"0\",\"left\":\"0\",\"isLinked\":false},\"padding\":{\"unit\":\"px\",\"top\":\"0\",\"right\":\"0\",\"bottom\":\"0\",\"left\":\"0\",\"isLinked\":false},\"margin\":{\"unit\":\"px\",\"top\":\"0\",\"right\":\"0\",\"bottom\":\"0\",\"left\":\"0\",\"isLinked\":false},\"_inline_size_tablet\":70,\"margin_tablet\":{\"unit\":\"px\",\"top\":\"0\",\"right\":\"0\",\"bottom\":\"0\",\"left\":\"0\",\"isLinked\":false},\"padding_mobile\":{\"unit\":\"px\",\"top\":\"0\",\"right\":\"0\",\"bottom\":\"0\",\"left\":\"0\",\"isLinked\":false},\"display_condition_list\":[{\"display_condition_login_status\":\"subscriber\",\"_id\":\"07fc259\"}]},\"elements\":[{\"id\":\"0857fc5\",\"elType\":\"widget\",\"settings\":{\"align\":\"left\",\"size\":{\"unit\":\"px\",\"size\":30,\"sizes\":[]},\"rotate\":{\"unit\":\"deg\",\"size\":50,\"sizes\":[]},\"display_condition_list\":[{\"display_condition_login_status\":\"subscriber\",\"_id\":\"add3863\"}],\"__globals__\":{\"primary_color\":\"globals\\\/colors?id=astglobalcolor0\"}},\"elements\":[],\"widgetType\":\"icon\"},{\"id\":\"0b51bfc\",\"elType\":\"widget\",\"settings\":{\"title\":\"Gu\\u00eda para el docente\",\"display_condition_list\":[{\"display_condition_login_status\":\"subscriber\",\"_id\":\"0c6e9ff\"}],\"__globals__\":{\"typography_typography\":\"\",\"title_color\":\"globals\\\/colors?id=astglobalcolor5\"},\"header_size\":\"h3\",\"typography_typography\":\"custom\",\"typography_font_family\":\"Capriola\",\"typography_font_weight\":\"700\",\"typography_text_transform\":\"capitalize\",\"title_color\":\"#FFFFFF\"},\"elements\":[],\"widgetType\":\"heading\"},{\"id\":\"61c9dfd\",\"elType\":\"widget\",\"settings\":{\"title\":\"Ense\\u00f1ando con SignTales\",\"_padding\":{\"unit\":\"px\",\"top\":\"0\",\"right\":\"0\",\"bottom\":\"0\",\"left\":\"0\",\"isLinked\":false},\"align\":\"left\",\"align_mobile\":\"left\",\"_margin\":{\"unit\":\"px\",\"top\":\"10\",\"right\":\"0\",\"bottom\":\"-12\",\"left\":\"0\",\"isLinked\":false},\"title_color\":\"#FFFFFF\",\"_margin_mobile\":{\"unit\":\"px\",\"top\":\"0\",\"right\":\"0\",\"bottom\":\"0\",\"left\":\"0\",\"isLinked\":false},\"display_condition_list\":[{\"display_condition_login_status\":\"subscriber\",\"_id\":\"0a01c9e\"}]},\"elements\":[],\"widgetType\":\"heading\"},{\"id\":\"9303ad8\",\"elType\":\"widget\",\"settings\":{\"editor\":\"<p>Esta secci\\u00f3n ofrece herramientas pr\\u00e1cticas y orientaci\\u00f3n para usar los materiales de SignTales en el aula. Encontrar\\u00e1 consejos did\\u00e1cticos, actividades sugeridas e instrucciones paso a paso para trabajar con cuentos de hadas, recursos de vocabulario y v\\u00eddeos de lengua de se\\u00f1as. <\\\/p>\",\"align\":\"left\",\"_padding\":{\"unit\":\"px\",\"top\":\"25\",\"right\":\"0\",\"bottom\":\"0\",\"left\":\"0\",\"isLinked\":false},\"_padding_tablet\":{\"unit\":\"px\",\"top\":\"15\",\"right\":\"0\",\"bottom\":\"0\",\"left\":\"0\",\"isLinked\":false},\"_padding_mobile\":{\"unit\":\"px\",\"top\":\"0\",\"right\":\"0\",\"bottom\":\"0\",\"left\":\"0\",\"isLinked\":false},\"display_condition_list\":[{\"display_condition_login_status\":\"subscriber\",\"_id\":\"c095d7f\"}],\"__globals__\":{\"text_color\":\"globals\\\/colors?id=astglobalcolor4\"}},\"elements\":[],\"widgetType\":\"text-editor\"},{\"id\":\"4dd1831\",\"elType\":\"widget\",\"settings\":{\"text\":\"Divisor\",\"weight\":{\"unit\":\"px\",\"size\":20,\"sizes\":[]},\"display_condition_list\":[{\"display_condition_login_status\":\"subscriber\",\"_id\":\"fee5e93\"}],\"__globals__\":{\"color\":\"globals\\\/colors?id=astglobalcolor0\"},\"style\":\"dots_tribal\",\"gap\":{\"unit\":\"px\",\"size\":12,\"sizes\":[]}},\"elements\":[],\"widgetType\":\"divider\"}],\"isInner\":false},{\"id\":\"2b85a7b\",\"elType\":\"column\",\"settings\":{\"_column_size\":50,\"_inline_size\":45.417,\"_inline_size_tablet\":30,\"margin_tablet\":{\"unit\":\"px\",\"top\":\"0\",\"right\":\"0\",\"bottom\":\"0\",\"left\":\"0\",\"isLinked\":false},\"padding_tablet\":{\"unit\":\"px\",\"top\":\"0\",\"right\":\"0\",\"bottom\":\"0\",\"left\":\"0\",\"isLinked\":false},\"display_condition_list\":[{\"display_condition_login_status\":\"subscriber\",\"_id\":\"3eecb7f\"}]},\"elements\":[{\"id\":\"3e4b7c9\",\"elType\":\"widget\",\"settings\":{\"image\":{\"id\":4696,\"url\":\"https:\\\/\\\/signtales.eu\\\/wp-content\\\/uploads\\\/2025\\\/03\\\/5_20250319_191326_0003-1.png\"},\"image_size\":\"medium_large\",\"width\":{\"unit\":\"%\",\"size\":70,\"sizes\":[]},\"display_condition_list\":[{\"display_condition_login_status\":\"subscriber\",\"_id\":\"7cdf1b9\"}],\"caption\":\"\"},\"elements\":[],\"widgetType\":\"image\"}],\"isInner\":false}],\"isInner\":false},{\"id\":\"b069965\",\"elType\":\"container\",\"settings\":{\"flex_direction\":\"column\",\"display_condition_list\":[{\"display_condition_login_status\":\"subscriber\",\"_id\":\"d4c765e\"}]},\"elements\":[],\"isInner\":false},{\"id\":\"7b1633b\",\"elType\":\"container\",\"settings\":{\"display_condition_list\":[{\"display_condition_login_status\":\"subscriber\",\"_id\":\"c609df7\"}],\"margin\":{\"unit\":\"px\",\"top\":\"50\",\"right\":\"0\",\"bottom\":\"200\",\"left\":\"0\",\"isLinked\":false}},\"elements\":[{\"id\":\"49ca99e\",\"elType\":\"widget\",\"settings\":{\"title\":\"Actualmente en proceso...\",\"_flex_align_self\":\"center\",\"display_condition_list\":[{\"display_condition_login_status\":\"subscriber\",\"_id\":\"12f7393\"}],\"header_size\":\"h3\",\"__globals__\":{\"typography_typography\":\"globals\\\/typography?id=15796de\"}},\"elements\":[],\"widgetType\":\"heading\"}],\"isInner\":false},{\"id\":\"b69ba5a\",\"elType\":\"container\",\"settings\":{\"flex_direction\":\"column\",\"display_condition_list\":[{\"display_condition_login_status\":\"subscriber\",\"_id\":\"76d2ab6\"}]},\"elements\":[],\"isInner\":false}]"],"_elementor_template_widget_type":[""],"_elementor_popup_display_settings":[""],"_last_translation_edit_mode":["translation-editor"],"_wpml_word_count":["65"],"_elementor_page_assets":["a:1:{s:6:\"styles\";a:5:{i:0;s:14:\"widget-heading\";i:1;s:18:\"widget-text-editor\";i:2;s:14:\"widget-divider\";i:3;s:12:\"widget-image\";i:4;s:8:\"e-shapes\";}}"],"_edit_lock":["1748615598:1"],"_cmtt_related_terms_for_post_":["a:0:{}"],"_elementor_controls_usage":["a:8:{s:4:\"icon\";a:3:{s:5:\"count\";i:1;s:15:\"control_percent\";i:1;s:8:\"controls\";a:2:{s:5:\"style\";a:1:{s:18:\"section_style_icon\";a:3:{s:5:\"align\";i:1;s:4:\"size\";i:1;s:6:\"rotate\";i:1;}}s:8:\"advanced\";a:1:{s:26:\"display_conditions_section\";a:1:{s:22:\"display_condition_list\";i:1;}}}}s:7:\"heading\";a:3:{s:5:\"count\";i:3;s:15:\"control_percent\";i:2;s:8:\"controls\";a:3:{s:7:\"content\";a:1:{s:13:\"section_title\";a:2:{s:5:\"title\";i:3;s:11:\"header_size\";i:2;}}s:8:\"advanced\";a:2:{s:26:\"display_conditions_section\";a:1:{s:22:\"display_condition_list\";i:3;}s:14:\"_section_style\";a:3:{s:8:\"_padding\";i:1;s:7:\"_margin\";i:2;s:16:\"_flex_align_self\";i:1;}}s:5:\"style\";a:1:{s:19:\"section_title_style\";a:6:{s:21:\"typography_typography\";i:1;s:22:\"typography_font_family\";i:1;s:22:\"typography_font_weight\";i:1;s:25:\"typography_text_transform\";i:1;s:11:\"title_color\";i:2;s:5:\"align\";i:1;}}}}s:11:\"text-editor\";a:3:{s:5:\"count\";i:1;s:15:\"control_percent\";i:1;s:8:\"controls\";a:3:{s:7:\"content\";a:1:{s:14:\"section_editor\";a:1:{s:6:\"editor\";i:1;}}s:5:\"style\";a:1:{s:13:\"section_style\";a:1:{s:5:\"align\";i:1;}}s:8:\"advanced\";a:2:{s:14:\"_section_style\";a:1:{s:8:\"_padding\";i:1;}s:26:\"display_conditions_section\";a:1:{s:22:\"display_condition_list\";i:1;}}}}s:7:\"divider\";a:3:{s:5:\"count\";i:1;s:15:\"control_percent\";i:2;s:8:\"controls\";a:3:{s:7:\"content\";a:1:{s:15:\"section_divider\";a:2:{s:4:\"text\";i:1;s:5:\"style\";i:1;}}s:5:\"style\";a:1:{s:21:\"section_divider_style\";a:2:{s:6:\"weight\";i:1;s:3:\"gap\";i:1;}}s:8:\"advanced\";a:1:{s:26:\"display_conditions_section\";a:1:{s:22:\"display_condition_list\";i:1;}}}}s:6:\"column\";a:3:{s:5:\"count\";i:2;s:15:\"control_percent\";i:1;s:8:\"controls\";a:2:{s:6:\"layout\";a:1:{s:6:\"layout\";a:1:{s:12:\"_inline_size\";i:2;}}s:8:\"advanced\";a:2:{s:16:\"section_advanced\";a:2:{s:7:\"padding\";i:1;s:6:\"margin\";i:1;}s:26:\"display_conditions_section\";a:1:{s:22:\"display_condition_list\";i:2;}}}}s:5:\"image\";a:3:{s:5:\"count\";i:1;s:15:\"control_percent\";i:1;s:8:\"controls\";a:3:{s:7:\"content\";a:1:{s:13:\"section_image\";a:2:{s:5:\"image\";i:1;s:10:\"image_size\";i:1;}}s:5:\"style\";a:1:{s:19:\"section_style_image\";a:1:{s:5:\"width\";i:1;}}s:8:\"advanced\";a:1:{s:26:\"display_conditions_section\";a:1:{s:22:\"display_condition_list\";i:1;}}}}s:7:\"section\";a:3:{s:5:\"count\";i:1;s:15:\"control_percent\";i:9;s:8:\"controls\";a:3:{s:6:\"layout\";a:2:{s:14:\"section_layout\";a:1:{s:16:\"content_position\";i:1;}s:17:\"section_structure\";a:1:{s:9:\"structure\";i:1;}}s:8:\"advanced\";a:3:{s:16:\"section_advanced\";a:1:{s:7:\"padding\";i:1;}s:19:\"_section_responsive\";a:1:{s:20:\"reverse_order_mobile\";i:1;}s:26:\"display_conditions_section\";a:1:{s:22:\"display_condition_list\";i:1;}}s:5:\"style\";a:3:{s:18:\"section_background\";a:7:{s:18:\"background_color_b\";i:1;s:21:\"background_background\";i:1;s:19:\"background_position\";i:1;s:17:\"background_repeat\";i:1;s:25:\"background_gradient_angle\";i:1;s:15:\"background_size\";i:1;s:19:\"background_bg_width\";i:1;}s:26:\"section_background_overlay\";a:8:{s:29:\"background_overlay_background\";i:1;s:26:\"background_overlay_opacity\";i:1;s:27:\"background_overlay_position\";i:1;s:25:\"background_overlay_repeat\";i:1;s:18:\"overlay_blend_mode\";i:1;s:22:\"css_filters_brightness\";i:1;s:23:\"background_overlay_size\";i:1;s:27:\"background_overlay_bg_width\";i:1;}s:21:\"section_shape_divider\";a:6:{s:23:\"shape_divider_top_width\";i:1;s:24:\"shape_divider_top_height\";i:1;s:20:\"shape_divider_bottom\";i:1;s:26:\"shape_divider_bottom_width\";i:1;s:27:\"shape_divider_bottom_height\";i:1;s:25:\"shape_divider_bottom_flip\";i:1;}}}}s:9:\"container\";a:3:{s:5:\"count\";i:1;s:15:\"control_percent\";i:1;s:8:\"controls\";a:1:{s:8:\"advanced\";a:2:{s:26:\"display_conditions_section\";a:1:{s:22:\"display_condition_list\";i:1;}s:14:\"section_layout\";a:1:{s:6:\"margin\";i:1;}}}}}"],"_wpml_media_has_media":["1"],"_elementor_css":["a:6:{s:4:\"time\";i:1749595198;s:5:\"fonts\";a:1:{i:0;s:8:\"Capriola\";}s:5:\"icons\";a:1:{i:0;s:8:\"fa-solid\";}s:20:\"dynamic_elements_ids\";a:0:{}s:6:\"status\";s:4:\"file\";i:0;s:0:\"\";}"],"_uag_page_assets":["a:9:{s:3:\"css\";s:263:\".uag-blocks-common-selector{z-index:var(--z-index-desktop) !important}@media (max-width: 976px){.uag-blocks-common-selector{z-index:var(--z-index-tablet) !important}}@media (max-width: 767px){.uag-blocks-common-selector{z-index:var(--z-index-mobile) !important}}\n\";s:2:\"js\";s:0:\"\";s:18:\"current_block_list\";a:2:{i:0;s:12:\"core\/heading\";i:1;s:14:\"core\/paragraph\";}s:8:\"uag_flag\";b:0;s:11:\"uag_version\";s:10:\"1773512047\";s:6:\"gfonts\";a:0:{}s:10:\"gfonts_url\";s:0:\"\";s:12:\"gfonts_files\";a:0:{}s:14:\"uag_faq_layout\";b:0;}"],"_uag_css_file_name":["uag-css-5422.css"]},"uagb_featured_image_src":{"full":false,"thumbnail":false,"medium":false,"medium_large":false,"large":false,"1536x1536":false,"2048x2048":false},"uagb_author_info":{"display_name":"admin","author_link":"https:\/\/signtales.eu\/es\/author\/signtales_admin\/"},"uagb_comment_info":0,"uagb_excerpt":"Gu\u00eda para el docente Ense\u00f1ando con SignTales Esta secci\u00f3n ofrece herramientas pr\u00e1cticas y orientaci\u00f3n para usar los materiales de SignTales en el aula. Encontrar\u00e1 consejos did\u00e1cticos, actividades sugeridas e instrucciones paso a paso para trabajar con cuentos de hadas, recursos de vocabulario y v\u00eddeos de lengua de se\u00f1as. Actualmente en proceso&#8230;","_links":{"self":[{"href":"https:\/\/signtales.eu\/es\/wp-json\/wp\/v2\/pages\/5422","targetHints":{"allow":["GET"]}}],"collection":[{"href":"https:\/\/signtales.eu\/es\/wp-json\/wp\/v2\/pages"}],"about":[{"href":"https:\/\/signtales.eu\/es\/wp-json\/wp\/v2\/types\/page"}],"author":[{"embeddable":true,"href":"https:\/\/signtales.eu\/es\/wp-json\/wp\/v2\/users\/1"}],"replies":[{"embeddable":true,"href":"https:\/\/signtales.eu\/es\/wp-json\/wp\/v2\/comments?post=5422"}],"version-history":[{"count":9,"href":"https:\/\/signtales.eu\/es\/wp-json\/wp\/v2\/pages\/5422\/revisions"}],"predecessor-version":[{"id":6591,"href":"https:\/\/signtales.eu\/es\/wp-json\/wp\/v2\/pages\/5422\/revisions\/6591"}],"wp:attachment":[{"href":"https:\/\/signtales.eu\/es\/wp-json\/wp\/v2\/media?parent=5422"}],"curies":[{"name":"wp","href":"https:\/\/api.w.org\/{rel}","templated":true}]}}